{"id":4527,"date":"2019-02-11T17:26:36","date_gmt":"2019-02-11T20:26:36","guid":{"rendered":"http:\/\/dev.acervapaulista.com.br\/?page_id=4527"},"modified":"2023-03-30T12:46:19","modified_gmt":"2023-03-30T15:46:19","slug":"historia-acerva","status":"publish","type":"page","link":"https:\/\/acervapaulista.com.br\/wordpress\/historia-acerva\/","title":{"rendered":"Hist\u00f3ria da ACervA"},"content":{"rendered":"<div id=\"cs-content\" class=\"cs-content\"><\/div>\n","protected":false},"excerpt":{"rendered":"<p>A ACervA Paulista come\u00e7ou em discuss\u00f5es no site de relacionamentos Orkut, dentro da comunidade &#8220;Cerveja Artesanal&#8221;, em meados de 2007. Inspirados na ACervA Carioca, foi vislumbrada a oportunidade de criar uma associa\u00e7\u00e3o em nosso Estado.Iniciamos uma lista de discuss\u00e3o e, dentro dela, conseguimos detectar alguns dos cervejeiros artesanais paulistas. Ainda em 2007, nos encontramos pela primeira vez na Brasil Brau, que ocorreu em 21 de junho. No dia 14 de julho de 2007, com a presen\u00e7a de cinco membros, ocorreu o primeiro encontro oficial e assim a ACervA Paulista foi fundada. Em 13 de Novembro de 2010, a AcervA foi constitu\u00edda como Associa\u00e7\u00e3o Civil. Um brinde aos nossos s\u00f3cios fundadores: Admir Marchiori Junior, Afonso Landini, Alessandro de Moraes Sousa, Alex da Ros, Alex Wirz Vieira, Carlos Magno Figueiredo Teixeira, David da Silva Leocadio Figueira, Diogo Moreira Carneiro, Eduardo Manetta, Eduardo Nunes Rodrigues, Edwar Bustamante de Fonseca, Elso Luis Rigon, Emiia Chociai, Guilherme Alberici de Santi, Marcel Gerbi Longo, Marcio Egea de Freitas, Paulo Cristiano Ferro, Marcus Vinicius Alves Botelho, Philip Zanello, Renato Barbosa Pudo, Renato Marqueti Junior, Ricardo Rabello Spoo, Valeria Chociai Vidal e Victor Pereira Marinho. Em junho de 2012, a AcervA Paulista foi a anfitri\u00e3 do VII Concurso &#8230; <a href=\"https:\/\/acervapaulista.com.br\/wordpress\/historia-acerva\/\" class=\"more-link\">Read More<\/a><\/p>\n","protected":false},"author":1,"featured_media":0,"parent":0,"menu_order":0,"comment_status":"closed","ping_status":"closed","template":"template-layout-full-width.php","meta":{"pmpro_default_level":"","_price":"","_stock":"","_tribe_ticket_header":"","_tribe_default_ticket_provider":"","_tribe_ticket_capacity":"0","_ticket_start_date":"","_ticket_end_date":"","_tribe_ticket_show_description":"","_tribe_ticket_show_not_going":false,"_tribe_ticket_use_global_stock":"","_tribe_ticket_global_stock_level":"","_global_stock_mode":"","_global_stock_cap":"","_tribe_rsvp_for_event":"","_tribe_ticket_going_count":"","_tribe_ticket_not_going_count":"","_tribe_tickets_list":"[]","_tribe_ticket_has_attendee_info_fields":false,"footnotes":""},"class_list":["post-4527","page","type-page","status-publish","hentry","pmpro-has-access","no-post-thumbnail"],"aioseo_notices":[],"_links":{"self":[{"href":"https:\/\/acervapaulista.com.br\/wordpress\/wp-json\/wp\/v2\/pages\/4527","targetHints":{"allow":["GET"]}}],"collection":[{"href":"https:\/\/acervapaulista.com.br\/wordpress\/wp-json\/wp\/v2\/pages"}],"about":[{"href":"https:\/\/acervapaulista.com.br\/wordpress\/wp-json\/wp\/v2\/types\/page"}],"author":[{"embeddable":true,"href":"https:\/\/acervapaulista.com.br\/wordpress\/wp-json\/wp\/v2\/users\/1"}],"replies":[{"embeddable":true,"href":"https:\/\/acervapaulista.com.br\/wordpress\/wp-json\/wp\/v2\/comments?post=4527"}],"version-history":[{"count":7,"href":"https:\/\/acervapaulista.com.br\/wordpress\/wp-json\/wp\/v2\/pages\/4527\/revisions"}],"predecessor-version":[{"id":6783,"href":"https:\/\/acervapaulista.com.br\/wordpress\/wp-json\/wp\/v2\/pages\/4527\/revisions\/6783"}],"wp:attachment":[{"href":"https:\/\/acervapaulista.com.br\/wordpress\/wp-json\/wp\/v2\/media?parent=4527"}],"curies":[{"name":"wp","href":"https:\/\/api.w.org\/{rel}","templated":true}]}}